{"id":271,"date":"2020-02-10T19:26:18","date_gmt":"2020-02-10T19:26:18","guid":{"rendered":"http:\/\/itsreferencehandbook.albrechtconsult.com\/?page_id=271"},"modified":"2020-02-10T19:27:18","modified_gmt":"2020-02-10T19:27:18","slug":"tms-dg07-tmp-brenner-corridor-austria-germany-italy","status":"publish","type":"page","link":"https:\/\/itsreferencehandbook.albrechtconsult.com\/?page_id=271","title":{"rendered":"TMS-DG07 TMP Brenner Corridor (Austria, Germany, Italy)"},"content":{"rendered":"<table width=\"622\">\n<tbody>\n<tr>\n<td colspan=\"2\" width=\"622\"><strong>GENERAL<\/strong> <strong>INFORMATION<\/strong><\/td>\n<\/tr>\n<tr>\n<td width=\"228\">Name of service\/system\/project<\/td>\n<td width=\"394\">TMP Brenner Corridor (Austria, Germany, Italy)<\/td>\n<\/tr>\n<tr>\n<td width=\"228\">Name of operator\/organisation<\/td>\n<td width=\"394\">Autostrada del Brennero (I) \/ Asfinag (A) \/ Bavarian Ministry of Interior (D)<\/td>\n<\/tr>\n<tr>\n<td width=\"228\">Service delivery<\/td>\n<td width=\"394\">\u2612 Public<\/p>\n<p>\u2610 Private<\/td>\n<\/tr>\n<tr>\n<td width=\"228\">Mainly applicable<br \/>\nDeployment Guideline<\/td>\n<td width=\"394\">ITS-DG-2015_TMS-DG07_TrafficManagementPlanForCorridorsandNetworks<\/td>\n<\/tr>\n<tr>\n<td width=\"228\">Other relevant<br \/>\nDeployment Guideline(s)<\/td>\n<td width=\"394\"><\/td>\n<\/tr>\n<tr>\n<td width=\"228\">Contact for more information<\/td>\n<td width=\"394\">ilaria.debiasi@autobrennero.it<\/td>\n<\/tr>\n<\/tbody>\n<\/table>\n<table width=\"622\">\n<tbody>\n<tr>\n<td colspan=\"2\" width=\"622\"><strong>GEOGRAPHICAL<\/strong> <strong>ASPECTS<\/strong><\/td>\n<\/tr>\n<tr>\n<td width=\"226\">Country<\/td>\n<td width=\"395\">Germany \/ Austria \/ Italy<\/td>\n<\/tr>\n<tr>\n<td width=\"226\">Region of implementation<\/td>\n<td width=\"395\"><\/td>\n<\/tr>\n<tr>\n<td width=\"226\">Corridor(s) or Network(s) concerned<\/td>\n<td width=\"395\">A 93 and A8 (Bavaria) \/ A13\/A12 and A10\/A2 (Austria) \/ A22 and A23\/A4 (Italy)<\/td>\n<\/tr>\n<\/tbody>\n<\/table>\n<table width=\"624\">\n<tbody>\n<tr>\n<td colspan=\"2\" width=\"624\"><strong>ITS SERVICE<\/strong> <strong>DESCRIPTION<\/strong><\/td>\n<\/tr>\n<tr>\n<td width=\"227\">General Objectives<\/td>\n<td width=\"397\">\u2612 Reduction of congestion<\/p>\n<p>\u2612 Increase of safety<\/p>\n<p>\u2610 Reduction of environmental damage<\/p>\n<p>\u2610 Protection of the road infrastructure<\/p>\n<p>\u2612 Increase traveller comfort<\/p>\n<p>\u2610 Other: _______________________________________________<\/td>\n<\/tr>\n<tr>\n<td width=\"227\">Specific Objectives<\/td>\n<td width=\"397\">\u2610 Change the distribution in time of transport in order to achieve a more even allocation, avoiding peaks (access restrictions, fees)<\/p>\n<p>\u2612 Change the distribution of transport in space in order to achieve a more even distribution on the network, and prevent \u201cwrong vehicles on wrong places\u201d (traffic control, traffic management, traffic information, access restrictions)<\/p>\n<p>\u2610 Change the composition of vehicles on a certain piece of infrastructure (access restrictions, fees)<\/p>\n<p>\u2610 Manage the flow on a given road section in order to reduce speed variation and thus improve the capacity and reduce the risk of incidents<\/p>\n<p>\u2610 Manage access to a given road section in order to prevent disturbances and reduce the risk of incidents (e.g. ramp metering)<\/p>\n<p>\u2610 Increase the speed on the link and thus increase capacity (throughput)<\/p>\n<p>\u2612 Reduce the risk of incidents and traffic disruptions through better informed infrastructure users (traffic and traveller information)<\/p>\n<p>\u2612 Reduce the consequences from disruptions through fast countermeasures (incident response time)<\/p>\n<p>\u2610 Reduce traffic volumes through redistributing transport between transport modes<\/p>\n<p>\u2610 Other: ______________________________________________<\/td>\n<\/tr>\n<tr>\n<td width=\"227\">Short narrative description of your best practice including e.g. geographical dimension, numbers, target group like HGV or passengers, costs etc.<\/td>\n<td width=\"397\">The TMP for the Brenner Corridor just involves the corridor southbound and in particular different motorway stretches in Germany, Austria and Italy. The motorways involved in the main route or Brenner route (Inntaldreieck &#8211; Verona via Innsbruck) are the A93 in Germany, the A12 and the A13 in Austria and the A22 in Italy. The motorways involved in the alternative route or Tarvisio route (Inntaldreieck &#8211; Verona via Tarvisio) are the A8 in Germany, the A1, A10 and A2 in Austria and the A23 and A4 in Italy.<\/p>\n<p>The main route is 362 km long, whereas the alternative route is 618 km long. The average travel time on the main route is 4,5 hours for HGVs and 3 hours for passenger cars. All motorways are two-lane motorways with a maximum capacity of approximately 3.000 vehicles per hour. The target group of the project are HGV drivers.<\/td>\n<\/tr>\n<tr>\n<td width=\"227\">Relation with national access point set up according to EC Delegated Regulations<\/td>\n<td width=\"397\">\u2610 Provide information to the national access point<\/p>\n<p>\u2610 Receive information from the national access point<\/p>\n<p>\u2612 No connection to the national access point<\/td>\n<\/tr>\n<tr>\n<td width=\"227\">Information provision to end users<\/td>\n<td width=\"397\">\u2612 Web portal<\/p>\n<p>\u2612 Phone app<\/p>\n<p>\u2612 VMS<\/p>\n<p>\u2610 In-vehicle information<\/p>\n<p>\u2612 Other; please specify: radio, RDS-TMC, television<\/td>\n<\/tr>\n<\/tbody>\n<\/table>\n<p>&nbsp;<\/p>\n<table width=\"624\">\n<tbody>\n<tr>\n<td colspan=\"2\" width=\"624\"><strong>IMPLEMENTATION ASPECTS<\/strong><\/td>\n<\/tr>\n<tr>\n<td width=\"227\">Year of implementation<\/p>\n<p>(+ end date of measure if applicable)<\/td>\n<td width=\"397\">2006<\/td>\n<\/tr>\n<tr>\n<td width=\"227\">Technical description<\/td>\n<td width=\"397\">The Traffic Management Plan is activated in case of accidents, bad weather conditions, road works or HGV restrictions occurring anywhere along the Corridor A93 \u2013 A12 \u2013 A13 \u2013 A22). Different scenarios have been identified varying according to the spatial application of the event (critical event on the German, Austrian or Italian motorway network). Thresholds for the activation have been also set in order to identify the events to be considered to impact on the neighbouring networks: thresholds can refer to the length of a traffic block, to the duration of a road closure or to the type of weather event occurring. According to the event occurring and to the impact that this event might have on traffic and users safety the associated measure can vary from simple \u201cinformation\u201d or to \u201cinformation and re-routing advice\u201d. Once an event occurs on a network, the road operators of the neighbouring networks have to be informed. The latter must officially confirm the decision taken by the road operator on whose network the event occurs and the TMP can be activated. The same procedure has to be applied in case of deactivation of the measure.<\/td>\n<\/tr>\n<tr>\n<td width=\"227\">Lessons learnt \/ factor of success \/ topics considered as good practice<\/p>\n<p>(technical, legal, organisational, financial)<\/td>\n<td width=\"397\">The measure hasn\u2019t been activated many times so far. The few times where it has been applied it was due to heavy snowfalls or to important road works at cross-border level (or near the border) and implied just information at cross-border level. The information flow worked well in both cases. The fact of having a defined protocol and to have identified the right person \/ TCC to contact surely eases communication between operators and reduces the intervention times in case of emergency.<\/td>\n<\/tr>\n<tr>\n<td width=\"227\">Impacts assessment \/ results (if available)<\/td>\n<td width=\"397\"><\/td>\n<\/tr>\n<\/tbody>\n<\/table>\n<p>&nbsp;<\/p>\n<table width=\"622\">\n<tbody>\n<tr>\n<td width=\"622\"><strong>ILLUSTRATIONS<\/strong><\/td>\n<\/tr>\n<tr>\n<td width=\"622\"><img loading=\"lazy\" decoding=\"async\" class=\"aligncenter wp-image-264 size-full\" src=\"http:\/\/itsreferencehandbook.albrechtconsult.com\/wp-content\/uploads\/2020\/02\/BP_1.png\" alt=\"\" width=\"631\" height=\"487\" srcset=\"https:\/\/itsreferencehandbook.albrechtconsult.com\/wp-content\/uploads\/2020\/02\/BP_1.png 631w, https:\/\/itsreferencehandbook.albrechtconsult.com\/wp-content\/uploads\/2020\/02\/BP_1-300x232.png 300w\" sizes=\"auto, (max-width: 631px) 100vw, 631px\" \/><\/td>\n<\/tr>\n<tr>\n<td width=\"622\">Traffic Control and Management Centre of Autostrada del Brennero<\/p>\n<p><img loading=\"lazy\" decoding=\"async\" class=\"aligncenter wp-image-265 size-full\" src=\"http:\/\/itsreferencehandbook.albrechtconsult.com\/wp-content\/uploads\/2020\/02\/BP_2.png\" alt=\"\" width=\"622\" height=\"415\" srcset=\"https:\/\/itsreferencehandbook.albrechtconsult.com\/wp-content\/uploads\/2020\/02\/BP_2.png 622w, https:\/\/itsreferencehandbook.albrechtconsult.com\/wp-content\/uploads\/2020\/02\/BP_2-300x200.png 300w\" sizes=\"auto, (max-width: 622px) 100vw, 622px\" \/><\/td>\n<\/tr>\n<\/tbody>\n<\/table>\n<p>&nbsp;<\/p>\n<table width=\"622\">\n<tbody>\n<tr>\n<td colspan=\"2\" width=\"622\"><strong>REFERENCES<\/strong><\/td>\n<\/tr>\n<tr>\n<td width=\"226\">Documentation available on the project<\/td>\n<td width=\"395\">\u00a7\u00a0 Memorandum of Understanding<\/p>\n<p>\u00a7\u00a0 Verkehrsmanagementplan f\u00fcr die Korridore Brenner und Tauern (Fortschreibung des CORVETTE Traffic-Managementplanes Brenner f\u00fcr die Fahrtrichtung S\u00fcden)<\/td>\n<\/tr>\n<tr>\n<td width=\"226\">Web link<\/td>\n<td width=\"395\">none<\/td>\n<\/tr>\n<\/tbody>\n<\/table>\n","protected":false},"excerpt":{"rendered":"<p>GENERAL INFORMATION Name of service\/system\/project TMP Brenner Corridor (Austria, Germany, Italy) Name of operator\/organisation Autostrada del Brennero (I) \/ Asfinag (A) \/ Bavarian Ministry of Interior (D) Service delivery \u2612 Public \u2610 Private Mainly applicable Deployment Guideline ITS-DG-2015_TMS-DG07_TrafficManagementPlanForCorridorsandNetworks Other relevant Deployment Guideline(s) Contact for more information ilaria.debiasi@autobrennero.it GEOGRAPHICAL ASPECTS Country Germany \/ Austria \/ Italy&#8230;<\/p>\n","protected":false},"author":1,"featured_media":0,"parent":0,"menu_order":0,"comment_status":"closed","ping_status":"closed","template":"","meta":{"footnotes":""},"class_list":["post-271","page","type-page","status-publish","hentry"],"acf":[],"_links":{"self":[{"href":"https:\/\/itsreferencehandbook.albrechtconsult.com\/index.php?rest_route=\/wp\/v2\/pages\/271","targetHints":{"allow":["GET"]}}],"collection":[{"href":"https:\/\/itsreferencehandbook.albrechtconsult.com\/index.php?rest_route=\/wp\/v2\/pages"}],"about":[{"href":"https:\/\/itsreferencehandbook.albrechtconsult.com\/index.php?rest_route=\/wp\/v2\/types\/page"}],"author":[{"embeddable":true,"href":"https:\/\/itsreferencehandbook.albrechtconsult.com\/index.php?rest_route=\/wp\/v2\/users\/1"}],"replies":[{"embeddable":true,"href":"https:\/\/itsreferencehandbook.albrechtconsult.com\/index.php?rest_route=%2Fwp%2Fv2%2Fcomments&post=271"}],"version-history":[{"count":2,"href":"https:\/\/itsreferencehandbook.albrechtconsult.com\/index.php?rest_route=\/wp\/v2\/pages\/271\/revisions"}],"predecessor-version":[{"id":273,"href":"https:\/\/itsreferencehandbook.albrechtconsult.com\/index.php?rest_route=\/wp\/v2\/pages\/271\/revisions\/273"}],"wp:attachment":[{"href":"https:\/\/itsreferencehandbook.albrechtconsult.com\/index.php?rest_route=%2Fwp%2Fv2%2Fmedia&parent=271"}],"curies":[{"name":"wp","href":"https:\/\/api.w.org\/{rel}","templated":true}]}}